{"id":287,"date":"2021-05-17T13:49:34","date_gmt":"2021-05-17T13:49:34","guid":{"rendered":"https:\/\/preview.treethemes.com\/maple\/demo5\/?page_id=287"},"modified":"2022-12-22T00:24:41","modified_gmt":"2022-12-22T00:24:41","slug":"sobre-mi","status":"publish","type":"page","link":"https:\/\/quecagordillo.com\/en\/sobre-mi","title":{"rendered":"About Me"},"content":{"rendered":"<div class=\"vc_row wpb_row vc_row-fluid vc_custom_1661967992650\"><div class=\"wpb_column vc_column_container vc_col-sm-12\"><div class=\"vc_column-inner\"><div class=\"wpb_wrapper\"><div id=\"ultimate-heading-845569e4baf49182a\" class=\"uvc-heading ult-adjust-bottom-margin ultimate-heading-845569e4baf49182a uvc-742\" data-hspacer=\"line_only\"  data-halign=\"center\" style=\"text-align:center\"><div class=\"uvc-heading-spacer line_only\" style=\"margin-bottom:40px;height:40px;\"><span class=\"uvc-headings-line\" style=\"border-style:solid;border-bottom-width:40px;border-color:#ccc;width:1px;\"><\/span><\/div><\/div><h6 style=\"text-align: center\" class=\"vc_custom_heading\" >Queca Gordillo<\/h6><h2 style=\"font-size: 50px;text-align: center\" class=\"vc_custom_heading\" >About Me<\/h2><\/div><\/div><\/div><\/div><div class=\"vc_row wpb_row vc_row-fluid\"><div class=\"wpb_column vc_column_container vc_col-sm-4\"><div class=\"vc_column-inner\"><div class=\"wpb_wrapper\">\n\t<div class=\"wpb_text_column wpb_content_element\" >\n\t\t<div class=\"wpb_wrapper\">\n\t\t\t<p><strong>Today I dedicate myself to my true passion, acting.<\/strong><br \/>\n<strong>Currently between Miami and Madrid, I also produce theater and am the founder of <a href=\"https:\/\/www.primeractoff.org\/about-1-1\">PAFF (Primer Acto Florida Foundation)<\/a><\/strong><br \/>\n<strong>My name is Soledad, but I am Queca. I was born in Madrid from peculiar parents, from show business. I adore Fran and Sacha and I talk to the other Soledad, my mother.<\/strong><br \/>\n<strong>Since I was a little girl dancing, singing...;).<\/strong><br \/>\n<strong>Passionate about ballet and music, after many years I abandoned the piano.<\/strong><\/p>\n\n\t\t<\/div>\n\t<\/div>\n<\/div><\/div><\/div><div class=\"wpb_column vc_column_container vc_col-sm-4\"><div class=\"vc_column-inner\"><div class=\"wpb_wrapper\">\n\t<div  class=\"wpb_single_image wpb_content_element vc_align_center\">\n\t\t\n\t\t<figure class=\"wpb_wrapper vc_figure\">\n\t\t\t<div class=\"vc_single_image-wrapper   vc_box_border_grey\"><img loading=\"lazy\" decoding=\"async\" width=\"1024\" height=\"1024\" src=\"https:\/\/quecagordillo.com\/wp-content\/uploads\/2022\/08\/029E7418-37BE-4EAA-9996-BCE26CEDC86F-COLLAGE.jpg\" class=\"vc_single_image-img attachment-full\" alt=\"\" title=\"029E7418-37BE-4EAA-9996-BCE26CEDC86F-COLLAGE\" srcset=\"https:\/\/quecagordillo.com\/wp-content\/uploads\/2022\/08\/029E7418-37BE-4EAA-9996-BCE26CEDC86F-COLLAGE.jpg 1024w, https:\/\/quecagordillo.com\/wp-content\/uploads\/2022\/08\/029E7418-37BE-4EAA-9996-BCE26CEDC86F-COLLAGE-300x300.jpg 300w, https:\/\/quecagordillo.com\/wp-content\/uploads\/2022\/08\/029E7418-37BE-4EAA-9996-BCE26CEDC86F-COLLAGE-150x150.jpg 150w, https:\/\/quecagordillo.com\/wp-content\/uploads\/2022\/08\/029E7418-37BE-4EAA-9996-BCE26CEDC86F-COLLAGE-768x768.jpg 768w, https:\/\/quecagordillo.com\/wp-content\/uploads\/2022\/08\/029E7418-37BE-4EAA-9996-BCE26CEDC86F-COLLAGE-80x80.jpg 80w, https:\/\/quecagordillo.com\/wp-content\/uploads\/2022\/08\/029E7418-37BE-4EAA-9996-BCE26CEDC86F-COLLAGE-500x500.jpg 500w, https:\/\/quecagordillo.com\/wp-content\/uploads\/2022\/08\/029E7418-37BE-4EAA-9996-BCE26CEDC86F-COLLAGE-1000x1000.jpg 1000w\" sizes=\"auto, (max-width: 1024px) 100vw, 1024px\" \/><\/div>\n\t\t<\/figure>\n\t<\/div>\n<\/div><\/div><\/div><div class=\"wpb_column vc_column_container vc_col-sm-4\"><div class=\"vc_column-inner\"><div class=\"wpb_wrapper\">\n\t<div class=\"wpb_text_column wpb_content_element\" >\n\t\t<div class=\"wpb_wrapper\">\n\t\t\t<p><strong>I understand men better.<\/strong><br \/>\n<strong>I found Pepe, and there are 3 more segments: Pepe, Alejandro and Pablo. We travel. I am unsettled by the inevitable near moment that they will fly without me.<\/strong><br \/>\n<strong>Sometimes I seem vehement but I'm not.<\/strong><br \/>\n<strong>My friends: they kill for me and I for them.<\/strong><br \/>\n<strong>Miro hacia arriba y hablo con mi padre, con mi T\u00eda Carmen, con JL y con Ana.<\/strong><br \/>\n<strong>Every day I read, laugh, dream...<\/strong><\/p>\n\n\t\t<\/div>\n\t<\/div>\n<\/div><\/div><\/div><\/div><div class=\"vc_row wpb_row vc_row-fluid vc_custom_1661892579401\"><div class=\"wpb_animate_when_almost_visible wpb_slideInUp slideInUp wpb_column vc_column_container vc_col-sm-6\"><div class=\"vc_column-inner\"><div class=\"wpb_wrapper\"><\/div><\/div><\/div><div class=\"wpb_animate_when_almost_visible wpb_slideInUp slideInUp wpb_column vc_column_container vc_col-sm-6\"><div class=\"vc_column-inner\"><div class=\"wpb_wrapper\"><\/div><\/div><\/div><\/div><!-- Row Backgrounds --><div class=\"upb_color\" data-bg-override=\"ex-full\" data-bg-color=\"#fbfbfc\" data-fadeout=\"\" data-fadeout-percentage=\"30\" data-parallax-content=\"\" data-parallax-content-sense=\"30\" data-row-effect-mobile-disable=\"true\" data-img-parallax-mobile-disable=\"true\" data-rtl=\"false\"  data-custom-vc-row=\"\"  data-vc=\"6.9.0\"  data-is_old_vc=\"\"  data-theme-support=\"\"   data-overlay=\"false\" data-overlay-color=\"\" data-overlay-pattern=\"\" data-overlay-pattern-opacity=\"\" data-overlay-pattern-size=\"\"    ><\/div>","protected":false},"excerpt":{"rendered":"Queca GordilloSobre m\u00ed Hoy me dedico a mi verdadera pasi\u00f3n, actuar. Actualmente entre Miami y Madrid, tambi\u00e9n produzco teatro y soy fundadora de PAFF (Primer Acto Florida Foundation) Me llamo Soledad, pero soy Queca. Nac\u00ed en Madrid de padres peculiares, del show business. Adoro a Fran y a Sacha y converso con la otra Soledad, [...]","protected":false},"author":1,"featured_media":0,"parent":0,"menu_order":0,"comment_status":"closed","ping_status":"closed","template":"page.php","meta":{"footnotes":""},"class_list":["post-287","page","type-page","status-publish","hentry"],"aioseo_notices":[],"_links":{"self":[{"href":"https:\/\/quecagordillo.com\/en\/wp-json\/wp\/v2\/pages\/287","targetHints":{"allow":["GET"]}}],"collection":[{"href":"https:\/\/quecagordillo.com\/en\/wp-json\/wp\/v2\/pages"}],"about":[{"href":"https:\/\/quecagordillo.com\/en\/wp-json\/wp\/v2\/types\/page"}],"author":[{"embeddable":true,"href":"https:\/\/quecagordillo.com\/en\/wp-json\/wp\/v2\/users\/1"}],"replies":[{"embeddable":true,"href":"https:\/\/quecagordillo.com\/en\/wp-json\/wp\/v2\/comments?post=287"}],"version-history":[{"count":17,"href":"https:\/\/quecagordillo.com\/en\/wp-json\/wp\/v2\/pages\/287\/revisions"}],"predecessor-version":[{"id":886,"href":"https:\/\/quecagordillo.com\/en\/wp-json\/wp\/v2\/pages\/287\/revisions\/886"}],"wp:attachment":[{"href":"https:\/\/quecagordillo.com\/en\/wp-json\/wp\/v2\/media?parent=287"}],"curies":[{"name":"wp","href":"https:\/\/api.w.org\/{rel}","templated":true}]}}